{"id":2624,"date":"2021-11-09T16:43:56","date_gmt":"2021-11-09T15:43:56","guid":{"rendered":"https:\/\/nodalis.fr\/politique-de-confidentialite\/"},"modified":"2022-03-09T09:01:57","modified_gmt":"2022-03-09T08:01:57","slug":"privacy-policy","status":"publish","type":"page","link":"https:\/\/nodalis.fr\/en\/privacy-policy\/","title":{"rendered":"Privacy policy"},"content":{"rendered":"\n\n\n<div class=\"wp-block-group is-layout-flow wp-block-group-is-layout-flow\" style=\"padding-top:60px;padding-bottom:60px\">\n<h2 class=\"wp-block-heading with-border\">Donn\u00e9es trait\u00e9es<\/h2>\n\n\n\n<h3 class=\"wp-block-heading\" id=\"block-005095a8-6d3a-4e30-b214-aba367c9228d\">Cat\u00e9gories de donn\u00e9es trait\u00e9es<\/h3>\n\n\n\n<p class=\"wp-block-paragraph\" id=\"block-9408c4f7-8e95-4b10-8e2a-f0961f4a218f\">Donn\u00e9es visibles sur le site <a href=\"https:\/\/nodalis.fr\/\" target=\"_blank\" rel=\"noreferrer noopener\">https:\/\/nodalis.fr\/<\/a>&nbsp;:<\/p>\n\n\n\n<ul id=\"block-1b9053bc-3e28-4c59-8ab2-311e26e21f5f\" class=\"wp-block-list\" value=\"<li class=&quot;wp-block-list-item&quot;&gt;Nom, pr\u00e9nom, mail et t\u00e9l\u00e9phone via le formulaire de contact;<\/li&gt;<li class=&quot;wp-block-list-item&quot;&gt;Message associ\u00e9 \u00e0 notre formulaire de contact;<\/li&gt;<li class=&quot;wp-block-list-item&quot;&gt;Publications;<\/li&gt;<li class=&quot;wp-block-list-item&quot;&gt;Messages \u00e9chang\u00e9s suite au d\u00e9p\u00f4t de votre demande sur le formulaire de contact;<\/li&gt;<li class=&quot;wp-block-list-item&quot;&gt;Donn\u00e9es d\u2019utilisation de la plateforme pour la production de statistiques anonymes.<\/li&gt;\"><li>Nom, pr\u00e9nom, mail et t\u00e9l\u00e9phone via le formulaire de contact;<\/li><li>Message associ\u00e9 \u00e0 notre formulaire de contact;<\/li><li>Publications;<\/li><li>Messages \u00e9chang\u00e9s suite au d\u00e9p\u00f4t de votre demande sur le formulaire de contact;<\/li><li>Donn\u00e9es d\u2019utilisation de la plateforme pour la production de statistiques anonymes.<\/li><\/ul>\n\n\n\n<h3 class=\"wp-block-heading\" id=\"block-17d8a898-818f-4e9f-9f20-6dde15e8c8f4\">Source des donn\u00e9es<\/h3>\n\n\n\n<ul id=\"block-5da9bb1f-3d6a-45f9-92cd-006dd3bd45ce\" class=\"wp-block-list\" value=\"<li class=&quot;wp-block-list-item&quot;&gt;Visiteur du site (internaute)<\/li&gt;\"><li>Visiteur du site (internaute)<\/li><\/ul>\n\n\n\n<h3 class=\"wp-block-heading\" id=\"block-66f78d64-947e-45f8-a929-be1e513e1f96\">Caract\u00e8re obligatoire du recueil des donn\u00e9es<\/h3>\n\n\n\n<p class=\"wp-block-paragraph\" id=\"block-621e7d91-a955-49a1-95d0-69134a61c866\">Le recueil des donn\u00e9es r\u00e9sulte d\u2019une d\u00e9marche volontaire de remplissage d\u2019un formulaire mis \u00e0 votre disposition pour nous contacter.<\/p>\n\n\n\n<h3 class=\"wp-block-heading\" id=\"block-f4e95037-3718-4e21-b5ed-dbb0850bc50a\">Prise de d\u00e9cision automatis\u00e9e<\/h3>\n\n\n\n<p class=\"wp-block-paragraph\" id=\"block-ae54440e-4f94-4607-9b47-0368aeece7e2\">Le traitement ne pr\u00e9voit pas de prise de d\u00e9cision automatis\u00e9e (<a href=\"https:\/\/www.cnil.fr\/fr\/reglement-europeen-protection-donnees\/chapitre3#Article22\">https:\/\/www.cnil.fr\/fr\/reglement-europeen-protection-donnees\/chapitre3#Article22<\/a>).<\/p>\n\n\n\n<h3 class=\"wp-block-heading\" id=\"block-e58d7d8d-a845-4550-aa17-8ad6f05e2f0f\">Personnes concern\u00e9es<\/h3>\n\n\n\n<p class=\"wp-block-paragraph\" id=\"block-5cb1ebdf-cf75-432a-a13e-82efe582b29d\">Internaute.<\/p>\n\n\n\n<h3 class=\"wp-block-heading\" id=\"block-6506bf5e-72f4-4598-9486-ede032f0e97d\">Cat\u00e9gories de destinataires<\/h3>\n\n\n\n<p class=\"wp-block-paragraph\" id=\"block-8cb7a194-bd1f-4248-8ec7-9ee671a7d8f2\">Sont destinataires des donn\u00e9es&nbsp;:<\/p>\n\n\n\n<ul id=\"block-c6a87357-7d57-4be0-ba1e-707f7c0af82f\" class=\"wp-block-list\" value=\"<li class=&quot;wp-block-list-item&quot;&gt;La direction de Nodalis Conseil<\/li&gt;<li class=&quot;wp-block-list-item&quot;&gt;Le cas \u00e9ch\u00e9ant, les autres services de Nodalis Conseil soumis \u00e0 la confidentialit\u00e9 des donn\u00e9es collect\u00e9es et sensibilis\u00e9s \u00e0 la s\u00e9curit\u00e9 des donn\u00e9es.<\/li&gt;\"><li>La direction de Nodalis Conseil<\/li><li>Le cas \u00e9ch\u00e9ant, les autres services de Nodalis Conseil soumis \u00e0 la confidentialit\u00e9 des donn\u00e9es collect\u00e9es et sensibilis\u00e9s \u00e0 la s\u00e9curit\u00e9 des donn\u00e9es.<\/li><\/ul>\n\n\n\n<h3 class=\"wp-block-heading\" id=\"block-decfa5e7-242b-4eb0-b08a-441dfeb1495b\">Transferts des donn\u00e9es hors UE<\/h3>\n\n\n\n<p class=\"wp-block-paragraph\" id=\"block-a7e808cc-0998-4020-9d2f-1080ac8fb0e7\">Les publications et \u00e9changes publics sont susceptibles d\u2019\u00eatre accessibles, du fait de leur pr\u00e9sence sur internet, hors de l\u2019Union europ\u00e9enne.<\/p>\n\n\n\n<p class=\"wp-block-paragraph\" id=\"block-57be8c1c-ba9e-4f47-9ae7-9617a0d48e3e\">Les donn\u00e9es n\u00e9cessaires \u00e0 l\u2019\u00e9laboration des statistiques sont susceptibles d\u2019\u00eatre trait\u00e9es hors de l\u2019Union europ\u00e9enne, conform\u00e9ment \u00e0 la politique de gestion des donn\u00e9es mise en place par&nbsp;<a href=\"https:\/\/analytics.google.com\/analytics\">Google Analytics<\/a><\/p>\n\n\n\n<h2 class=\"wp-block-heading with-border\" id=\"block-1849e3b9-cc00-40e9-a4b2-b246c78527a0\">Dur\u00e9e de conservation des donn\u00e9es<\/h2>\n\n\n\n<p class=\"wp-block-paragraph\" id=\"block-f0a57f54-7d6a-4760-8c35-21e1395a4c6d\">Les donn\u00e9es sont conserv\u00e9es le temps de traitement de votre demande (avec un maximum de 3 ans), sauf exercice de son droit \u00e0 l\u2019effacement ou d\u2019opposition par la personne concern\u00e9e (voir mentions l\u00e9gales).<\/p>\n\n\n\n<h2 class=\"wp-block-heading with-border\" id=\"block-b2e64672-f4be-4c69-a9c0-c99a59e6a96e\">S\u00e9curit\u00e9<\/h2>\n\n\n\n<p class=\"wp-block-paragraph\" id=\"block-5fb5458e-da25-41c9-861e-05dd113b79a6\">Les mesures de s\u00e9curit\u00e9 relatives \u00e0 l\u2019exploitation de ce site sont mises en \u0153uvre conform\u00e9ment \u00e0 la politique de s\u00e9curit\u00e9 appliqu\u00e9e au sein de Nodalis Conseil.<\/p>\n\n\n\n<p class=\"wp-block-paragraph\" id=\"block-60091584-f7bb-4e95-be63-ea519a979718\">Les mesures de s\u00e9curit\u00e9 relatives \u00e0 la gestion des donn\u00e9es permettant la production de statistiques anonymes sont d\u00e9finies Google Analytics.<\/p>\n\n\n\n<h2 class=\"wp-block-heading with-border\" id=\"block-176d1718-ee2a-442f-b546-536f552b5669\">Vos droits sur les donn\u00e9es vous concernant<\/h2>\n\n\n\n<h3 class=\"wp-block-heading\" id=\"block-92b43f87-5e4e-4aa8-9287-5c5251c683b9\">Exercer ses droits<\/h3>\n\n\n\n<p class=\"wp-block-paragraph\" id=\"block-009ca9a0-e583-48f7-ad39-d16caaff26ca\">Le d\u00e9l\u00e9gu\u00e9 \u00e0 la protection des donn\u00e9es (DPO) de Nodalis Conseil est votre interlocuteur pour l'exercice de vos droits.&nbsp;<\/p>\n\n\n\n<h3 class=\"wp-block-heading\" id=\"block-4578a630-c4cf-467d-ad3d-f3fe2c97146c\">R\u00e9clamation (plainte) aupr\u00e8s de la CNIL<\/h3>\n\n\n\n<p class=\"wp-block-paragraph\" id=\"block-6c661030-160a-4768-bc72-bfe09bf13081\">Si vous estimez, apr\u00e8s nous avoir contact\u00e9s, que vos droits sur vos donn\u00e9es ne sont pas respect\u00e9s, vous pouvez&nbsp;<a href=\"https:\/\/www.cnil.fr\/fr\/webform\/adresser-une-plainte\">adresser une r\u00e9clamation (plainte) \u00e0 la CNIL.<\/a><\/p>\n<\/div>\n","protected":false},"excerpt":{"rendered":"Donn\u00e9es trait\u00e9es Cat\u00e9gories de donn\u00e9es trait\u00e9es Donn\u00e9es visibles sur le site https:\/\/nodalis.fr\/&nbsp;: Nom, pr\u00e9nom, mail et t\u00e9l\u00e9phone via le formulaire de contact;Message associ\u00e9 \u00e0 notre formulaire de contact;Publications;Messages \u00e9chang\u00e9s suite au d\u00e9p\u00f4t de votre demande sur le formulaire de contact;Donn\u00e9es d\u2019utilisation de la plateforme pour la production de statistiques anonymes. Source des donn\u00e9es Visiteur du [&hellip;]","protected":false},"author":1,"featured_media":415,"parent":0,"menu_order":15,"comment_status":"closed","ping_status":"closed","template":"","meta":{"_acf_changed":false,"footnotes":""},"class_list":["post-2624","page","type-page","status-publish","has-post-thumbnail","hentry"],"acf":[],"_links":{"self":[{"href":"https:\/\/nodalis.fr\/en\/wp-json\/wp\/v2\/pages\/2624","targetHints":{"allow":["GET"]}}],"collection":[{"href":"https:\/\/nodalis.fr\/en\/wp-json\/wp\/v2\/pages"}],"about":[{"href":"https:\/\/nodalis.fr\/en\/wp-json\/wp\/v2\/types\/page"}],"author":[{"embeddable":true,"href":"https:\/\/nodalis.fr\/en\/wp-json\/wp\/v2\/users\/1"}],"replies":[{"embeddable":true,"href":"https:\/\/nodalis.fr\/en\/wp-json\/wp\/v2\/comments?post=2624"}],"version-history":[{"count":0,"href":"https:\/\/nodalis.fr\/en\/wp-json\/wp\/v2\/pages\/2624\/revisions"}],"wp:featuredmedia":[{"embeddable":true,"href":"https:\/\/nodalis.fr\/en\/wp-json\/wp\/v2\/media\/415"}],"wp:attachment":[{"href":"https:\/\/nodalis.fr\/en\/wp-json\/wp\/v2\/media?parent=2624"}],"curies":[{"name":"wp","href":"https:\/\/api.w.org\/{rel}","templated":true}]}}